{"id":250,"date":"2017-05-05T02:52:40","date_gmt":"2017-05-05T02:52:40","guid":{"rendered":"https:\/\/victorthemes.com\/themes\/brixey\/?page_id=250"},"modified":"2024-11-25T16:12:22","modified_gmt":"2024-11-25T16:12:22","slug":"contactos","status":"publish","type":"page","link":"https:\/\/ases-solutions.com\/?page_id=250","title":{"rendered":"Contactos"},"content":{"rendered":"<div class=\"wpb-content-wrapper\"><p>[vc_row][vc_column css=&#8221;.vc_custom_1495388725559{padding-right: 0px !important;padding-left: 0px !important;}&#8221;]<div class=\"brxy-container  brxy-heading-69f2b48ee380a  vc_custom_1732551048113\"><div class=\"plan-title-wrap\"><div class=\"plan-title\">Mesmo que o sol n\u00e3o brilhe e o vento n\u00e3o sopre, haver\u00e1 sempre chorume.<\/div><\/div><\/div>[vc_row_inner el_class=&#8221;container&#8221;][vc_column_inner css=&#8221;.vc_custom_1494908909020{padding-left: 0px !important;}&#8221;]<div class=\"contact-list \"><h4 style=\"text-align: center;\">INFORMA\u00c7\u00d5ES GERAIS<\/h4>\n<h3 style=\"text-align: center;\">ASES &#8211; Solutions<\/h3>\n<p style=\"text-align: center;\"><a href=\"mailto:geral@ases-solutions.com\">geral@ases-solutions.com<\/a><br \/>\n<strong><strong>(+351)<\/strong> 962 884 785<\/strong> <span style=\"font-size: 10px;\">(Chamada para rede m\u00f3vel nacional)<\/span><\/p>\n<\/div><div class=\"contact-list \"><p style=\"text-align: center;\">Rua Humberto Delgado, n\u00ba98<br \/>\n4750-165 Arcozelo, Barcelos<br \/>\nPortugal<\/p>\n<\/div><div class=\"contact-list \"><h4>Redes Sociais<\/h4>\n<p><a href=\"https:\/\/www.facebook.com\/profile.php?id=61560995739561\"><div class=\"brxy-social circle-social  brxy-socials-69f2b48ee38a2\"><\/div><a href=\"https:\/\/www.facebook.com\/profile.php?id=61560995739561\"\"><i class=\"fa fa-facebook\"><\/i><\/a><\/a><\/p>\n<\/div><div class=\"contact-list \"><\/div>[\/vc_column_inner][\/vc_row_inner][vc_empty_space height=&#8221;60px&#8221;][\/vc_column][\/vc_row][vc_row][vc_column][vc_raw_html css=&#8221;&#8221;]JTNDaWZyYW1lJTIwc3JjJTNEJTIyaHR0cHMlM0ElMkYlMkZ3d3cuZ29vZ2xlLmNvbSUyRm1hcHMlMkZlbWJlZCUzRnBiJTNEJTIxMW0xOCUyMTFtMTIlMjExbTMlMjExZDI5ODYuMTI1NTcyMDY1MzE3NiUyMTJkLTguNjE4ODMwMTIzMzYxMDIyJTIxM2Q0MS41NDQ4NzgyODYyMTA2NyUyMTJtMyUyMTFmMCUyMTJmMCUyMTNmMCUyMTNtMiUyMTFpMTAyNCUyMTJpNzY4JTIxNGYxMy4xJTIxM20zJTIxMW0yJTIxMXMweGQyNDUzYjgzZWM2YzA1MyUyNTNBMHg0ZWVhMDY2YWQyYzc4YTRlJTIxMnNBU0VTLVNvbHV0aW9ucyUyMTVlMCUyMTNtMiUyMTFzcHQtUFQlMjEyc3B0JTIxNHYxNzE1MzI5MDEzMjY2JTIxNW0yJTIxMXNwdC1QVCUyMTJzcHQlMjIlMjB3aWR0aCUzRCUyMjIwMDAlMjIlMjBoZWlnaHQlM0QlMjI2MDAlMjIlMjBzdHlsZSUzRCUyMmJvcmRlciUzQTAlM0IlMjIlMjBhbGxvd2Z1bGxzY3JlZW4lM0QlMjIlMjIlMjBsb2FkaW5nJTNEJTIybGF6eSUyMiUyMHJlZmVycmVycG9saWN5JTNEJTIybm8tcmVmZXJyZXItd2hlbi1kb3duZ3JhZGUlMjIlM0UlM0MlMkZpZnJhbWUlM0U=[\/vc_raw_html][\/vc_column][vc_column][\/vc_column][\/vc_row]<\/p>\n<\/div>","protected":false},"excerpt":{"rendered":"[vc_row][vc_column css=&#8221;.vc_custom_1495388725559{padding-right: 0px !important;padding-left: 0px !important;}&#8221;][vc_row_inner el_class=&#8221;container&#8221;][vc_column_inner css=&#8221;.vc_custom_1494908909020{padding-left: 0px !important;}&#8221;][\/vc_column_inner][\/vc_row_inner][vc_empty_space height=&#8221;60px&#8221;][\/vc_column][\/vc_row][vc_row][vc_column][vc_raw_html css=&#8221;&#8221;]JTNDaWZyYW1lJTIwc3JjJTNEJTIyaHR0cHMlM0ElMkYlMkZ3d3cuZ29vZ2xlLmNvbSUyRm1hcHMlMkZlbWJlZCUzRnBiJTNEJTIxMW0xOCUyMTFtMTIlMjExbTMlMjExZDI5ODYuMTI1NTcyMDY1MzE3NiUyMTJkLTguNjE4ODMwMTIzMzYxMDIyJTIxM2Q0MS41NDQ4NzgyODYyMTA2NyUyMTJtMyUyMTFmMCUyMTJmMCUyMTNmMCUyMTNtMiUyMTFpMTAyNCUyMTJpNzY4JTIxNGYxMy4xJTIxM20zJTIxMW0yJTIxMXMweGQyNDUzYjgzZWM2YzA1MyUyNTNBMHg0ZWVhMDY2YWQyYzc4YTRlJTIxMnNBU0VTLVNvbHV0aW9ucyUyMTVlMCUyMTNtMiUyMTFzcHQtUFQlMjEyc3B0JTIxNHYxNzE1MzI5MDEzMjY2JTIxNW0yJTIxMXNwdC1QVCUyMTJzcHQlMjIlMjB3aWR0aCUzRCUyMjIwMDAlMjIlMjBoZWlnaHQlM0QlMjI2MDAlMjIlMjBzdHlsZSUzRCUyMmJvcmRlciUzQTAlM0IlMjIlMjBhbGxvd2Z1bGxzY3JlZW4lM0QlMjIlMjIlMjBsb2FkaW5nJTNEJTIybGF6eSUyMiUyMHJlZmVycmVycG9saWN5JTNEJTIybm8tcmVmZXJyZXItd2hlbi1kb3duZ3JhZGUlMjIlM0UlM0MlMkZpZnJhbWUlM0U=[\/vc_raw_html][\/vc_column][vc_column][\/vc_column][\/vc_row]","protected":false},"author":1,"featured_media":0,"parent":0,"menu_order":0,"comment_status":"closed","ping_status":"closed","template":"","meta":{"footnotes":""},"class_list":["post-250","page","type-page","status-publish","hentry"],"_links":{"self":[{"href":"https:\/\/ases-solutions.com\/index.php?rest_route=\/wp\/v2\/pages\/250","targetHints":{"allow":["GET"]}}],"collection":[{"href":"https:\/\/ases-solutions.com\/index.php?rest_route=\/wp\/v2\/pages"}],"about":[{"href":"https:\/\/ases-solutions.com\/index.php?rest_route=\/wp\/v2\/types\/page"}],"author":[{"embeddable":true,"href":"https:\/\/ases-solutions.com\/index.php?rest_route=\/wp\/v2\/users\/1"}],"replies":[{"embeddable":true,"href":"https:\/\/ases-solutions.com\/index.php?rest_route=%2Fwp%2Fv2%2Fcomments&post=250"}],"version-history":[{"count":33,"href":"https:\/\/ases-solutions.com\/index.php?rest_route=\/wp\/v2\/pages\/250\/revisions"}],"predecessor-version":[{"id":1663,"href":"https:\/\/ases-solutions.com\/index.php?rest_route=\/wp\/v2\/pages\/250\/revisions\/1663"}],"wp:attachment":[{"href":"https:\/\/ases-solutions.com\/index.php?rest_route=%2Fwp%2Fv2%2Fmedia&parent=250"}],"curies":[{"name":"wp","href":"https:\/\/api.w.org\/{rel}","templated":true}]}}