{"id":323,"date":"2017-05-06T00:49:27","date_gmt":"2017-05-06T00:49:27","guid":{"rendered":"https:\/\/victorthemes.com\/themes\/brixey\/project-grid-copy\/"},"modified":"2024-11-25T16:01:57","modified_gmt":"2024-11-25T16:01:57","slug":"ases-construcao","status":"publish","type":"page","link":"https:\/\/ases-solutions.com\/?page_id=323","title":{"rendered":"ASES-CONSTRU\u00c7\u00c3O"},"content":{"rendered":"<div class=\"wpb-content-wrapper\"><p>[vc_row overlay_dotted=&#8221;&#8221; el_class=&#8221;container about-picture&#8221;][vc_column][vc_single_image image=&#8221;1560&#8243; img_size=&#8221;full&#8221; css=&#8221;&#8221;]<div class=\"brxy-container  brxy-heading-69f2a82fbdae7  vc_custom_1719935572304\"><div class=\"plan-title-wrap\"><div class=\"plan-title\">Realizamos os seus projetos desde a ideia at\u00e9 ao licenciamento.<\/div><\/div><\/div>[vc_row_inner css=&#8221;.vc_custom_1719937524275{padding-top: 50px !important;padding-bottom: 100px !important;}&#8221;][vc_column_inner width=&#8221;1\/2&#8243;][vc_column_text css=&#8221;.vc_custom_1719934839474{padding-right: 100px !important;}&#8221;]<\/p>\n<h3 style=\"text-align: right;\">Servi\u00e7os ao seu dispor<\/h3>\n<p>[\/vc_column_text][\/vc_column_inner][vc_column_inner width=&#8221;1\/2&#8243;][vc_toggle title=&#8221;Arquitectura&#8221; css=&#8221;&#8221;]<\/p>\n<ul>\n<li><span style=\"font-size: 18px;\">Projetos<\/span><\/li>\n<li><span style=\"font-size: 18px;\">Licenciamentos<\/span><\/li>\n<li><span style=\"font-size: 18px;\">Legaliza\u00e7\u00f5es<\/span><\/li>\n<li><span style=\"font-size: 18px;\">Amplia\u00e7\u00f5es<\/span><\/li>\n<li><span style=\"font-size: 18px;\">Reabilita\u00e7\u00e3o<\/span><\/li>\n<\/ul>\n<p>[\/vc_toggle][vc_toggle title=&#8221;Engenharia&#8221; css=&#8221;&#8221;]<\/p>\n<ul>\n<li><span style=\"font-size: 18px;\">Especialidades<\/span><\/li>\n<\/ul>\n<p>[\/vc_toggle][vc_toggle title=&#8221;Urbanismo&#8221; css=&#8221;&#8221;][\/vc_toggle][vc_toggle title=&#8221;Certifica\u00e7\u00e3o energ\u00e9tica&#8221; css=&#8221;&#8221;][\/vc_toggle][vc_toggle title=&#8221;Dire\u00e7\u00e3o e fiscaliza\u00e7\u00e3o de obra&#8221; css=&#8221;&#8221;][\/vc_toggle][\/vc_column_inner][vc_column_inner]\n          <div class=\" brxy-title-wrap  brxy-heading-69f2a82fbdb1a  vc_custom_1719937540387\">\n          <div class=\"section-title\">ALGUMAS OBRAS<\/div><\/div>      <div class=\"project-galleries brxy-popup row\">\n        <div class=\"brxy-masonry masonry-item-3 spacer3\">\n                    <div class=\"masonry-item \">\n            <div class=\"gallery-item\">\n              <a href=\"https:\/\/ases-solutions.com\/wp-content\/uploads\/2024\/07\/Untitled-1.png\" class=\"gallery-wrap\">\n                                <img decoding=\"async\" src=\"https:\/\/ases-solutions.com\/wp-content\/uploads\/2024\/07\/Untitled-1.png\" alt=\"\">\n              <\/a>\n            <\/div>\n          <\/div>\n                    <div class=\"masonry-item \">\n            <div class=\"gallery-item\">\n              <a href=\"https:\/\/ases-solutions.com\/wp-content\/uploads\/2024\/07\/hotel-2.png\" class=\"gallery-wrap\">\n                                <img decoding=\"async\" src=\"https:\/\/ases-solutions.com\/wp-content\/uploads\/2024\/07\/hotel-2.png\" alt=\"\">\n              <\/a>\n            <\/div>\n          <\/div>\n                    <div class=\"masonry-item \">\n            <div class=\"gallery-item\">\n              <a href=\"https:\/\/ases-solutions.com\/wp-content\/uploads\/2024\/07\/muro-suporte.png\" class=\"gallery-wrap\">\n                                <img decoding=\"async\" src=\"https:\/\/ases-solutions.com\/wp-content\/uploads\/2024\/07\/muro-suporte.png\" alt=\"\">\n              <\/a>\n            <\/div>\n          <\/div>\n                    <div class=\"masonry-item \">\n            <div class=\"gallery-item\">\n              <a href=\"https:\/\/ases-solutions.com\/wp-content\/uploads\/2024\/07\/5.png\" class=\"gallery-wrap\">\n                                <img decoding=\"async\" src=\"https:\/\/ases-solutions.com\/wp-content\/uploads\/2024\/07\/5.png\" alt=\"\">\n              <\/a>\n            <\/div>\n          <\/div>\n                    <div class=\"masonry-item \">\n            <div class=\"gallery-item\">\n              <a href=\"https:\/\/ases-solutions.com\/wp-content\/uploads\/2024\/07\/hotel.png\" class=\"gallery-wrap\">\n                                <img decoding=\"async\" src=\"https:\/\/ases-solutions.com\/wp-content\/uploads\/2024\/07\/hotel.png\" alt=\"\">\n              <\/a>\n            <\/div>\n          <\/div>\n                    <div class=\"masonry-item \">\n            <div class=\"gallery-item\">\n              <a href=\"https:\/\/ases-solutions.com\/wp-content\/uploads\/2024\/07\/4.png\" class=\"gallery-wrap\">\n                                <img decoding=\"async\" src=\"https:\/\/ases-solutions.com\/wp-content\/uploads\/2024\/07\/4.png\" alt=\"\">\n              <\/a>\n            <\/div>\n          <\/div>\n                  <\/div>\n      <\/div>\n[\/vc_column_inner][\/vc_row_inner][vc_empty_space height=&#8221;73px&#8221;][\/vc_column][\/vc_row]<\/p>\n<\/div>","protected":false},"excerpt":{"rendered":"[vc_row overlay_dotted=&#8221;&#8221; el_class=&#8221;container about-picture&#8221;][vc_column][vc_single_image image=&#8221;1560&#8243; img_size=&#8221;full&#8221; css=&#8221;&#8221;][vc_row_inner css=&#8221;.vc_custom_1719937524275{padding-top: 50px !important;padding-bottom: 100px !important;}&#8221;][vc_column_inner width=&#8221;1\/2&#8243;][vc_column_text css=&#8221;.vc_custom_1719934839474{padding-right: 100px !important;}&#8221;] Servi\u00e7os ao seu dispor [\/vc_column_text][\/vc_column_inner][vc_column_inner width=&#8221;1\/2&#8243;][vc_toggle title=&#8221;Arquitectura&#8221; css=&#8221;&#8221;] Projetos Licenciamentos Legaliza\u00e7\u00f5es Amplia\u00e7\u00f5es Reabilita\u00e7\u00e3o [\/vc_toggle][vc_toggle title=&#8221;Engenharia&#8221; css=&#8221;&#8221;] Especialidades [\/vc_toggle][vc_toggle title=&#8221;Urbanismo&#8221; css=&#8221;&#8221;][\/vc_toggle][vc_toggle title=&#8221;Certifica\u00e7\u00e3o energ\u00e9tica&#8221; css=&#8221;&#8221;][\/vc_toggle][vc_toggle title=&#8221;Dire\u00e7\u00e3o e fiscaliza\u00e7\u00e3o de obra&#8221; css=&#8221;&#8221;][\/vc_toggle][\/vc_column_inner][vc_column_inner][\/vc_column_inner][\/vc_row_inner][vc_empty_space height=&#8221;73px&#8221;][\/vc_column][\/vc_row]","protected":false},"author":1,"featured_media":0,"parent":0,"menu_order":0,"comment_status":"closed","ping_status":"closed","template":"","meta":{"footnotes":""},"class_list":["post-323","page","type-page","status-publish","hentry"],"_links":{"self":[{"href":"https:\/\/ases-solutions.com\/index.php?rest_route=\/wp\/v2\/pages\/323","targetHints":{"allow":["GET"]}}],"collection":[{"href":"https:\/\/ases-solutions.com\/index.php?rest_route=\/wp\/v2\/pages"}],"about":[{"href":"https:\/\/ases-solutions.com\/index.php?rest_route=\/wp\/v2\/types\/page"}],"author":[{"embeddable":true,"href":"https:\/\/ases-solutions.com\/index.php?rest_route=\/wp\/v2\/users\/1"}],"replies":[{"embeddable":true,"href":"https:\/\/ases-solutions.com\/index.php?rest_route=%2Fwp%2Fv2%2Fcomments&post=323"}],"version-history":[{"count":16,"href":"https:\/\/ases-solutions.com\/index.php?rest_route=\/wp\/v2\/pages\/323\/revisions"}],"predecessor-version":[{"id":1610,"href":"https:\/\/ases-solutions.com\/index.php?rest_route=\/wp\/v2\/pages\/323\/revisions\/1610"}],"wp:attachment":[{"href":"https:\/\/ases-solutions.com\/index.php?rest_route=%2Fwp%2Fv2%2Fmedia&parent=323"}],"curies":[{"name":"wp","href":"https:\/\/api.w.org\/{rel}","templated":true}]}}